{"id":9,"date":"2015-11-02T17:25:59","date_gmt":"2015-11-02T17:25:59","guid":{"rendered":"http:\/\/fchs.it\/jg\/?page_id=9"},"modified":"2015-11-02T17:26:20","modified_gmt":"2015-11-02T17:26:20","slug":"allgemeines","status":"publish","type":"page","link":"http:\/\/fchs.it\/jg\/allgemeines\/","title":{"rendered":"Allgemeines"},"content":{"rendered":"<p class=\"style3\"><span class=\"style5\"><strong>Das Jagdreiten<\/strong><\/span><\/p>\n<p class=\"style8\">Wenn man dieses Wort fallen l\u00e4sst, so st\u00f6\u00dft man bei so manchen Reiter oder Nichtreiter oft auf Unverst\u00e4ndnis.<\/p>\n<p class=\"style8\">Leider hat sich in vielen K\u00f6pfen das traurige Bild eines zu Tode von Hunden gehetzten Fuchses, gefolgt von skrupellosen Reitern eingepr\u00e4gt. Dem ist jedoch schon lange Zeit nicht mehr so. Diese Vorstellungen einer Jagd geh\u00f6ren zumindest in Deutschland schon l\u00e4ngst der Vergangenheit an, da dieses schon vor langer Zeit verboten worden ist.<\/p>\n<p class=\"style8\">Das heutige Jagdreiten bezieht sich mehr auf einen gemeinschaftlichen Ausritt mit mehreren Reitern. Es gibt jedoch verschiedene Arten des Jagdreitens. Mann unterscheidet zwischen der Schleppjagd (mit Hundemeute) und der Fuchsjagd.<\/p>\n<p class=\"style10\"><u>Schleppjagd:<\/u><\/p>\n<p class=\"style14\"><span style=\"font-size: small;\">Bei dieser unblutigen Form der Jagd wird eine Schleppe (Duftspur) durch einen Reiter querfeldein gelegt. Dieser Spur folgen nach einer gewissen Zeit die Hunde mit viel Eifer und Gel\u00e4ut. Hinter den Hunden reitet als erstes die Equipage, die f\u00fcr die F\u00fchrung der Hunde verantwortlich ist, und danach das Feld der Jagdg\u00e4ste.<\/span><\/p>\n<p class=\"style10\"><u>Fuchsjagd:<\/u><\/p>\n<p><span class=\"style15\">Hierbei reitet ein Reiter vorweg (Fuchs) und alle anderen hinterher. Es ist wichtig eine gewisse Ordnung einzuhalten. <span style=\"font-size: small;\">Hierzu haben die Landesverb\u00e4nde Verordnungen erlassen, die klar aussagen wie ein Jagdfeld auszusehen hat. <\/span>Geritten wird meist in drei Feldern. (Dieses kann jedoch je nach Anzahl der Teilnehmer ge\u00e4ndert werden). <span style=\"font-size: small;\">Das erste Feld, aus erfahrenen Reitern bestehend, muss \u00fcber die bei der Jagd befindlichen Hindernisse springen. <\/span>Das zweite Feld, welches aus ge\u00fcbten Reitern besteht, kann \u00fcber die Hindernisse Springen. Es ist jedoch kein unbedingter Zwang. Im dritten Feld befinden sich \u00fcberwiegend unge\u00fcbte Reiter die nicht \u00fcber die Hindernisse springen d\u00fcrfen.<\/span><\/p>\n<p class=\"style12\">Ein Jagdfeld teilt sich wie folgt auf: Fuchs &#8211; Master &#8211; Pikeur &#8211; Schlusspikeur<\/p>\n<p class=\"style10\"><u>Fuchs<br \/>\n<\/u><span class=\"style15\">Da die Jagd nach Tieren verboten ist, so hat die Bedeutung des &#8222;Fuchs&#8220; dennoch nicht verloren. Vielmehr ist es Aufgabe eines Reiters, der in Sichtweite vor dem Feld reitet und einen k\u00fcnstlichen Fuchsschwanz am R\u00fccken befestigt hat, einen &#8222;Fuchs&#8220; darzustellen.<\/span><\/p>\n<p class=\"style10\"><u>Master<br \/>\n<\/u><span class=\"style15\">Der Master ist einer der wichtigsten F\u00fchrungspersonen im Jagdfeld. Wie das Wort F\u00fchrungsperson schon sagt, ist es seine Aufgabe das Jagdfeld zu f\u00fchren. Der Master darf von anderen Reitern nicht \u00fcberholt werden, da er die Spitze des Jagdfeldes darstellt.<\/span><\/p>\n<p class=\"style10\"><u>Pikeur<br \/>\n<\/u><span class=\"style15\">Ohne den Pikeur w\u00e4re der Master manchmal ziemlich hilflos. Er ist derjenige, der dem Master im Jagdfeld hilft alle Reiter zusammenzuhalten und darauf aufzupassen, dass sich alle Reiter richtig Benehmen.<\/span><\/p>\n<p class=\"style10\"><u>Schlusspikeur <\/u><span style=\"font-size: small;\"><br \/>\n<span class=\"style15\">Im Wesentlichen hat er die gleichen Aufgaben wie der Pikeur. Der Schlusspikeur welcher jedoch am Ende des Jagdfeldes reitet, hat die zus\u00e4tzliche Aufgabe die zu langsamen Reiter mitzunehmen und im Jagdfeld zu behalten. <\/span><\/span><span class=\"style15\">Hierdurch hat er auch den Scherzhaften Namen &#8222;Lumpensammler&#8220; bekommen. <span style=\"font-size: small;\">Er h\u00e4lt jedoch stetig das Jagdfeld zusammen. Die Anzahl der Pikeure kann je nach Gr\u00f6\u00dfe des Jagdfeldes variieren.<\/span><\/span><\/p>\n<p class=\"style12\">Da zwar das Fuchsgreifen eines der wesentlichen Ziele eines jeden Reiters ist, sollte jedoch eines nicht vergessen werden. Es ist Edlerer und verantwortungsvoller bei einer Jagd zu Gunsten des Pferdes aufzugeben, als es bis zur Ersch\u00f6pfung zum Ende zu Reiten.<\/p>\n<p class=\"style12\">In erster Linie gilt bei allen Reitern das Wohl des Pferdes, in Einklang mit der Natur diesen Sport auszu\u00fcben.<\/p>\n","protected":false},"excerpt":{"rendered":"<p>Das Jagdreiten Wenn man dieses Wort fallen l\u00e4sst, so st\u00f6\u00dft man bei so manchen Reiter oder Nichtreiter oft auf Unverst\u00e4ndnis. Leider hat sich in vielen K\u00f6pfen das traurige Bild eines zu Tode von Hunden gehetzten Fuchses, gefolgt von skrupellosen Reitern &hellip; <a href=\"http:\/\/fchs.it\/jg\/allgemeines\/\">Weiterlesen <span class=\"meta-nav\">&rarr;<\/span><\/a><\/p>\n","protected":false},"author":1,"featured_media":0,"parent":0,"menu_order":2,"comment_status":"closed","ping_status":"closed","template":"","meta":{"ngg_post_thumbnail":0},"_links":{"self":[{"href":"http:\/\/fchs.it\/jg\/wp-json\/wp\/v2\/pages\/9"}],"collection":[{"href":"http:\/\/fchs.it\/jg\/wp-json\/wp\/v2\/pages"}],"about":[{"href":"http:\/\/fchs.it\/jg\/wp-json\/wp\/v2\/types\/page"}],"author":[{"embeddable":true,"href":"http:\/\/fchs.it\/jg\/wp-json\/wp\/v2\/users\/1"}],"replies":[{"embeddable":true,"href":"http:\/\/fchs.it\/jg\/wp-json\/wp\/v2\/comments?post=9"}],"version-history":[{"count":2,"href":"http:\/\/fchs.it\/jg\/wp-json\/wp\/v2\/pages\/9\/revisions"}],"predecessor-version":[{"id":11,"href":"http:\/\/fchs.it\/jg\/wp-json\/wp\/v2\/pages\/9\/revisions\/11"}],"wp:attachment":[{"href":"http:\/\/fchs.it\/jg\/wp-json\/wp\/v2\/media?parent=9"}],"curies":[{"name":"wp","href":"https:\/\/api.w.org\/{rel}","templated":true}]}}