{"id":12,"date":"2015-11-02T17:26:43","date_gmt":"2015-11-02T17:26:43","guid":{"rendered":"http:\/\/fchs.it\/jg\/?page_id=12"},"modified":"2015-11-05T08:08:17","modified_gmt":"2015-11-05T08:08:17","slug":"ueber-uns","status":"publish","type":"page","link":"http:\/\/fchs.it\/jg\/ueber-uns\/","title":{"rendered":"\u00dcber uns"},"content":{"rendered":"<p class=\"style3\"><strong><span class=\"style5\">Die Geschichte der\u00a0&#8222;Jagdgemeinschaft Gut Pollen&#8220;<img loading=\"lazy\" class=\"size-full wp-image-341 alignright\" src=\"http:\/\/fchs.it\/jg\/wp-content\/uploads\/2015\/11\/2.png\"  width=\"143\" height=\"179\" \/><\/a><br \/>\n<\/span><\/strong><\/p>\n<p class=\"style6\">Die Jagdgemeinschaft entstand im Sommer 1996 bei einem Ausritt, wo aus einer Laune heraus die Reiter Lothar Leising, Hartmut N\u00fcrenberg und J\u00fcrgen G\u00f6tte den Wunsch \u00e4u\u00dferten mehr Jagden durchzuf\u00fchren.<\/p>\n<p class=\"style6\">Da das Jagdreiten immer r\u00fcckl\u00e4ufiger war, z\u00f6gerten die Drei nicht lange und beschlossen zusammen mit den Reitern Gerold Leithe und Klaus Ulbricht, einen Club zu gr\u00fcnden, der es sich zur Aufgabe machen sollte, die Tradition des Jagdreitens zu erhalten und zu f\u00f6rdern. Da alle Reiter aus dem Umkreis der Stadt Velbert waren, ihre Pferde auf der Reitanlage Gut Pollen ein zu Hause hatten, war der Name &#8222;Jagdgemeinschaft Gut Pollen&#8220; somit geboren.<\/p>\n<p>Durch h\u00e4ufige Ausritte mit weiteren Reitern aus der n\u00e4heren Umgebung, schafften diese F\u00fcnf in k\u00fcrzester Zeit ihren Club auf 10 Mitglieder zu erweitern. Im Herbst 1996, veranstaltete die Jagdgemeinschaft dann auch ihre erste Jagd am Pollen. Diese beschied mit immerhin gut 20 Gastreitern den ersten Erfolg.<\/p>\n<p class=\"style6\">Im Jahr 1997 kamen durch den mittlerweile gro\u00dfen Bekanntheitsgrad, weitere neue Mitglieder hinzu, so dass Ende 1997 schon 20 Mitglieder den Jagdreitsport zusammen aus\u00fcben konnten. Auch in den Jahren 1997 und 1998 veranstaltete die Jagdgemeinschaft Gut Pollen nat\u00fcrlich ihre Jagden, die mit bis zu 40 Gast Jagdreitern geritten wurde.<\/p>\n<p class=\"style6\">Neben der Jagdreiterei veranstaltet die Jagdgemeinschaft Jagdtrainingsritte, bei denen auch unge\u00fcbte Reiter das Reiten in einer Gruppe erlernen k\u00f6nnen. Dieses motivierte selbst junge Reiter so, dass ein neues Ziel gefasst wird: das Heranf\u00fchren von jungen Reitern an das Jagdreiten durch die Jagdgemeinschaft. Sie werden in die Gemeinschaft eingebunden und durch die verschiedenartigsten Aktivit\u00e4ten begeistert.<\/p>\n<p class=\"style6\">Erst durch das Zusammenarbeiten von aktiven Reitern und Mitgliedern, die Spa\u00df an dem Arbeiten in einer homogenen Gruppe, sowie den verschiedenen organisatorischen Aufgaben haben, wurde es m\u00f6glich, die bis heute sch\u00f6nste und attraktivste Jagd im Umkreis zu veranstalten. Mit weit \u00fcber 60 Teilnehmern an der Jagd &#8222;Gut Pollen&#8220; wurden alle Erwartungen \u00fcbertroffen.<\/p>\n<p class=\"style6\">Auch f\u00fcr die n\u00e4chsten Jahre stehen nat\u00fcrlich allerhand Veranstaltungen auf dem Programm. Diese k\u00f6nnen sie unter dem Punkt Jagdtermine ersehen. Interessierte k\u00f6nnen am ersten Freitag im Monat am Treffen der Jagdgemeinschaft teilzunehmen. Unter Kontakte findet ihr die Ansprechpartner.3<\/p>\n","protected":false},"excerpt":{"rendered":"<p>Die Geschichte der\u00a0&#8222;Jagdgemeinschaft Gut Pollen&#8220; Die Jagdgemeinschaft entstand im Sommer 1996 bei einem Ausritt, wo aus einer Laune heraus die Reiter Lothar Leising, Hartmut N\u00fcrenberg und J\u00fcrgen G\u00f6tte den Wunsch \u00e4u\u00dferten mehr Jagden durchzuf\u00fchren. Da das Jagdreiten immer r\u00fcckl\u00e4ufiger war, &hellip; <a href=\"http:\/\/fchs.it\/jg\/ueber-uns\/\">Weiterlesen <span class=\"meta-nav\">&rarr;<\/span><\/a><\/p>\n","protected":false},"author":1,"featured_media":0,"parent":0,"menu_order":3,"comment_status":"closed","ping_status":"closed","template":"","meta":{"ngg_post_thumbnail":0},"_links":{"self":[{"href":"http:\/\/fchs.it\/jg\/wp-json\/wp\/v2\/pages\/12"}],"collection":[{"href":"http:\/\/fchs.it\/jg\/wp-json\/wp\/v2\/pages"}],"about":[{"href":"http:\/\/fchs.it\/jg\/wp-json\/wp\/v2\/types\/page"}],"author":[{"embeddable":true,"href":"http:\/\/fchs.it\/jg\/wp-json\/wp\/v2\/users\/1"}],"replies":[{"embeddable":true,"href":"http:\/\/fchs.it\/jg\/wp-json\/wp\/v2\/comments?post=12"}],"version-history":[{"count":7,"href":"http:\/\/fchs.it\/jg\/wp-json\/wp\/v2\/pages\/12\/revisions"}],"predecessor-version":[{"id":345,"href":"http:\/\/fchs.it\/jg\/wp-json\/wp\/v2\/pages\/12\/revisions\/345"}],"wp:attachment":[{"href":"http:\/\/fchs.it\/jg\/wp-json\/wp\/v2\/media?parent=12"}],"curies":[{"name":"wp","href":"https:\/\/api.w.org\/{rel}","templated":true}]}}